{"id":8619,"date":"2020-05-29T08:00:16","date_gmt":"2020-06-10T09:54:20","guid":{"rendered":"https:\/\/apimat.ch\/?post_type=product&#038;p=8619"},"modified":"2021-06-10T14:27:09","modified_gmt":"2021-06-10T12:27:09","slug":"miniplus-magazin-holz-mit-rahmen-anleger-und-blechabdeckung","status":"publish","type":"product","link":"https:\/\/apimat.ch\/de\/produit\/miniplus-magazin-holz-mit-rahmen-anleger-und-blechabdeckung\/","title":{"rendered":"Mini Plus Zuchtbeute aus Holz mit Rahmen und Dach aus Blech"},"content":{"rendered":"<h3>Mini Plus Zuchtbeute aus Holz mit Rahmen und Dach aus Blech<\/h3>\n<h3>Holzbeute Mini Plus bestehend aus 50CHF<\/h3>\n<p>-1 Boden mit Alul\u00fcftungsgitter und Fluglochkeil<\/p>\n<p>-2 Zargen mit Aluschienen<\/p>\n<p>&#8211; 6 Rahmen Hoffmann<\/p>\n<p>-1 Innendeckel mit D\u00e4mmplatte<\/p>\n<p>-1 Aussenholzdeckel<\/p>\n<p>-1 Blechdeckel<\/p>\n<h3>1Feeder mit Kuppel f\u00fcr 17 CHF<\/h3>\n<h3>1 Konischer Dosendeckel 18 CHF<\/h3>\n<p>Au\u00dfenma\u00dfe 28 x 28 cm ohne Schiebedeckel<br \/>\nH\u00f6he 27 cm<br \/>\nGewicht ca. 4,5 kg<\/p>\n<p><strong>F\u00fcr weitere Informationen kontaktieren Sie mich bitte.<\/strong><\/p>\n<p><strong><a href=\"mailto:info@apimat.ch\">info@apimat.ch<\/a><\/strong><\/p>\n<p><strong>Telefon: 076 213 80 33<\/strong><\/p>\n","protected":false},"excerpt":{"rendered":"<p>Mini Plus Zuchtbeute aus Holz mit Rahmen und Dach aus Blech Holzbeute Mini Plus bestehend aus 50CHF -1 Boden mit Alul\u00fcftungsgitter und Fluglochkeil -2 Zargen mit Aluschienen &#8211; 6 Rahmen Hoffmann -1 Innendeckel mit D\u00e4mmplatte -1 Aussenholzdeckel -1 Blechdeckel 1Feeder mit Kuppel f\u00fcr 17 CHF 1 Konischer Dosendeckel 18 CHF Au\u00dfenma\u00dfe 28 x 28 cm [&hellip;]<\/p>\n","protected":false},"featured_media":15513,"template":"","meta":{"_uf_show_specific_survey":0,"_uf_disable_surveys":false},"product_cat":[101,95],"product_tag":[],"aioseo_notices":[],"_links":{"self":[{"href":"https:\/\/apimat.ch\/de\/wp-json\/wp\/v2\/product\/8619"}],"collection":[{"href":"https:\/\/apimat.ch\/de\/wp-json\/wp\/v2\/product"}],"about":[{"href":"https:\/\/apimat.ch\/de\/wp-json\/wp\/v2\/types\/product"}],"wp:featuredmedia":[{"embeddable":true,"href":"https:\/\/apimat.ch\/de\/wp-json\/wp\/v2\/media\/15513"}],"wp:attachment":[{"href":"https:\/\/apimat.ch\/de\/wp-json\/wp\/v2\/media?parent=8619"}],"wp:term":[{"taxonomy":"product_cat","embeddable":true,"href":"https:\/\/apimat.ch\/de\/wp-json\/wp\/v2\/product_cat?post=8619"},{"taxonomy":"product_tag","embeddable":true,"href":"https:\/\/apimat.ch\/de\/wp-json\/wp\/v2\/product_tag?post=8619"}],"curies":[{"name":"wp","href":"https:\/\/api.w.org\/{rel}","templated":true}]}}