{"id":8802,"date":"2020-06-22T14:06:00","date_gmt":"2020-06-23T09:44:40","guid":{"rendered":"https:\/\/apimat.ch\/?post_type=product&#038;p=8802"},"modified":"2021-06-10T14:06:26","modified_gmt":"2021-06-10T12:06:26","slug":"absperrgitter-kunststoff-50-x-50cm-ausschlusskoenigin","status":"publish","type":"product","link":"https:\/\/apimat.ch\/de\/produit\/absperrgitter-kunststoff-50-x-50cm-ausschlusskoenigin\/","title":{"rendered":"Absperrgitter aus Kunststoff in Lebensmittelqualit\u00e4t Dadant 12 &#8211; 50 x 50 cm"},"content":{"rendered":"<p>Absperrgitter aus Kunststoff in Lebensmittelqualit\u00e4t Dadant 12 &#8211; 50 x 50 cm<\/p>\n<p>Masse: 500 mm x 500 mm, Dadant Blatt 12 Waben oder Universal zum zuschneiden<\/p>\n<p>S\u00e4urebest\u00e4ndig und pflegeleicht<\/p>\n<p><strong>F\u00fcr weitere Informationen kontaktieren Sie mich bitte.<\/strong><\/p>\n<p><a href=\"mailto:info@apimat.ch\"><strong>info@apimat.ch<\/strong><\/a><\/p>\n<p><strong>Telefon: 076 213 80 33<\/strong><\/p>\n","protected":false},"excerpt":{"rendered":"<p>Absperrgitter aus Kunststoff in Lebensmittelqualit\u00e4t Dadant 12 &#8211; 50 x 50 cm Masse: 500 mm x 500 mm, Dadant Blatt 12 Waben oder Universal zum zuschneiden S\u00e4urebest\u00e4ndig und pflegeleicht F\u00fcr weitere Informationen kontaktieren Sie mich bitte. info@apimat.ch Telefon: 076 213 80 33<\/p>\n","protected":false},"featured_media":8782,"template":"","meta":{"_uf_show_specific_survey":0,"_uf_disable_surveys":false},"product_cat":[102],"product_tag":[],"aioseo_notices":[],"_links":{"self":[{"href":"https:\/\/apimat.ch\/de\/wp-json\/wp\/v2\/product\/8802"}],"collection":[{"href":"https:\/\/apimat.ch\/de\/wp-json\/wp\/v2\/product"}],"about":[{"href":"https:\/\/apimat.ch\/de\/wp-json\/wp\/v2\/types\/product"}],"wp:featuredmedia":[{"embeddable":true,"href":"https:\/\/apimat.ch\/de\/wp-json\/wp\/v2\/media\/8782"}],"wp:attachment":[{"href":"https:\/\/apimat.ch\/de\/wp-json\/wp\/v2\/media?parent=8802"}],"wp:term":[{"taxonomy":"product_cat","embeddable":true,"href":"https:\/\/apimat.ch\/de\/wp-json\/wp\/v2\/product_cat?post=8802"},{"taxonomy":"product_tag","embeddable":true,"href":"https:\/\/apimat.ch\/de\/wp-json\/wp\/v2\/product_tag?post=8802"}],"curies":[{"name":"wp","href":"https:\/\/api.w.org\/{rel}","templated":true}]}}