{"id":8914,"date":"2020-07-04T08:18:47","date_gmt":"2020-07-12T09:14:21","guid":{"rendered":"https:\/\/apimat.ch\/?post_type=product&#038;p=8914"},"modified":"2021-06-10T14:03:23","modified_gmt":"2021-06-10T12:03:23","slug":"rechteckiger-kunststoff-bienenzuechter-jumbo-mit-einem-fassungsvermoegen-von-4-l","status":"publish","type":"product","link":"https:\/\/apimat.ch\/de\/produit\/rechteckiger-kunststoff-bienenzuechter-jumbo-mit-einem-fassungsvermoegen-von-4-l\/","title":{"rendered":"Jumbo rechteckige Futtergeschirr aus Kunststoff 4 l"},"content":{"rendered":"<h3>Jumbo rechteckige Futtergeschirr aus Kunststoff 4 l<\/h3>\n<p>Der rechteckige Jumbo-Futterautomat mit einem Fassungsverm\u00f6gen von 4 l ist einfach zu bedienen, da er den direkten Kontakt mit den Bienen vermeidet, ohne sie bei der Anwendung des Sirups zu st\u00f6ren.<\/p>\n<p>Die Bienen k\u00f6nnen leicht den zentralen Schornstein hinaufklettern, um zu fressen.<br \/>\nSie soll ein Maximum an Pl\u00fcnderungen im Bienenstock vermeiden.<\/p>\n<p>Zur Installation wird einfach ein Loch von etwa 50 mm Durchmesser in die Abdeckung gebohrt und dann eine leere Spitze zum Schutz der Abdeckung angebracht.<\/p>\n<p><strong>DEGRESSIVE PREISE JE NACH MENGE.<\/strong><\/p>\n<p><strong>F\u00fcr weitere Informationen kontaktieren Sie mich bitte.<\/strong><\/p>\n<p><a href=\"mailto:info@apimat.ch\"><strong>info@apimat.ch<\/strong><\/a><\/p>\n<p><strong>Telefon: 076 213 80 33<\/strong><\/p>\n","protected":false},"excerpt":{"rendered":"<p>Jumbo rechteckige Futtergeschirr aus Kunststoff 4 l Der rechteckige Jumbo-Futterautomat mit einem Fassungsverm\u00f6gen von 4 l ist einfach zu bedienen, da er den direkten Kontakt mit den Bienen vermeidet, ohne sie bei der Anwendung des Sirups zu st\u00f6ren. Die Bienen k\u00f6nnen leicht den zentralen Schornstein hinaufklettern, um zu fressen. Sie soll ein Maximum an Pl\u00fcnderungen [&hellip;]<\/p>\n","protected":false},"featured_media":8875,"template":"","meta":{"_uf_show_specific_survey":0,"_uf_disable_surveys":false},"product_cat":[94],"product_tag":[],"aioseo_notices":[],"_links":{"self":[{"href":"https:\/\/apimat.ch\/de\/wp-json\/wp\/v2\/product\/8914"}],"collection":[{"href":"https:\/\/apimat.ch\/de\/wp-json\/wp\/v2\/product"}],"about":[{"href":"https:\/\/apimat.ch\/de\/wp-json\/wp\/v2\/types\/product"}],"wp:featuredmedia":[{"embeddable":true,"href":"https:\/\/apimat.ch\/de\/wp-json\/wp\/v2\/media\/8875"}],"wp:attachment":[{"href":"https:\/\/apimat.ch\/de\/wp-json\/wp\/v2\/media?parent=8914"}],"wp:term":[{"taxonomy":"product_cat","embeddable":true,"href":"https:\/\/apimat.ch\/de\/wp-json\/wp\/v2\/product_cat?post=8914"},{"taxonomy":"product_tag","embeddable":true,"href":"https:\/\/apimat.ch\/de\/wp-json\/wp\/v2\/product_tag?post=8914"}],"curies":[{"name":"wp","href":"https:\/\/api.w.org\/{rel}","templated":true}]}}