{"id":8925,"date":"2020-07-04T07:49:21","date_gmt":"2020-07-12T10:58:42","guid":{"rendered":"https:\/\/apimat.ch\/?post_type=product&#038;p=8925"},"modified":"2021-06-10T14:03:35","modified_gmt":"2021-06-10T12:03:35","slug":"honigmixer-aus-edelstahl-apirekord","status":"publish","type":"product","link":"https:\/\/apimat.ch\/de\/produit\/honigmixer-aus-edelstahl-apirekord\/","title":{"rendered":"Apirekord Edelstahl Honigmischer 60cm."},"content":{"rendered":"<p>Apirekord Edelstahl Honigmischer<\/p>\n<p>Honigmischer Apirekord, L\u00e4nge 595 mm und Durchmesser 100 mm.<\/p>\n<p>Der Apirekord-Mixer, der aus lebensmittelechtem Edelstahl hergestellt wird, wurde untersucht, um eine perfekte Honigmischung herzustellen. Dieses Imkereizubeh\u00f6r erm\u00f6glicht die Zubereitung von fl\u00fcssigem oder cremigem Honig!<\/p>\n<p>Guter Griff und einfache Handhabung! Mischer auf Bohrmaschine adaptierbar.<\/p>\n<p>Endergebnis: ein cremiger Honig in aller Homogenit\u00e4t. W\u00e4hrend des Verzehrs ist der Honig attraktiver und l\u00e4sst sich besser verteilen.<\/p>\n<p><strong>DEGRESSIVE PREISE JE NACH MENGE.<\/strong><\/p>\n<p><strong>F\u00fcr weitere Informationen kontaktieren Sie mich bitte.<\/strong><\/p>\n<p><a href=\"mailto:info@apimat.ch\"><strong>info@apimat.ch<\/strong><\/a><\/p>\n<p><strong>Telefon: 076 213 80 33<\/strong><\/p>\n","protected":false},"excerpt":{"rendered":"<p>Apirekord Edelstahl Honigmischer Honigmischer Apirekord, L\u00e4nge 595 mm und Durchmesser 100 mm. Der Apirekord-Mixer, der aus lebensmittelechtem Edelstahl hergestellt wird, wurde untersucht, um eine perfekte Honigmischung herzustellen. Dieses Imkereizubeh\u00f6r erm\u00f6glicht die Zubereitung von fl\u00fcssigem oder cremigem Honig! Guter Griff und einfache Handhabung! Mischer auf Bohrmaschine adaptierbar. Endergebnis: ein cremiger Honig in aller Homogenit\u00e4t. W\u00e4hrend des [&hellip;]<\/p>\n","protected":false},"featured_media":8859,"template":"","meta":{"_uf_show_specific_survey":0,"_uf_disable_surveys":false},"product_cat":[108],"product_tag":[],"aioseo_notices":[],"_links":{"self":[{"href":"https:\/\/apimat.ch\/de\/wp-json\/wp\/v2\/product\/8925"}],"collection":[{"href":"https:\/\/apimat.ch\/de\/wp-json\/wp\/v2\/product"}],"about":[{"href":"https:\/\/apimat.ch\/de\/wp-json\/wp\/v2\/types\/product"}],"wp:featuredmedia":[{"embeddable":true,"href":"https:\/\/apimat.ch\/de\/wp-json\/wp\/v2\/media\/8859"}],"wp:attachment":[{"href":"https:\/\/apimat.ch\/de\/wp-json\/wp\/v2\/media?parent=8925"}],"wp:term":[{"taxonomy":"product_cat","embeddable":true,"href":"https:\/\/apimat.ch\/de\/wp-json\/wp\/v2\/product_cat?post=8925"},{"taxonomy":"product_tag","embeddable":true,"href":"https:\/\/apimat.ch\/de\/wp-json\/wp\/v2\/product_tag?post=8925"}],"curies":[{"name":"wp","href":"https:\/\/api.w.org\/{rel}","templated":true}]}}