{"id":8928,"date":"2020-07-04T07:37:48","date_gmt":"2020-07-12T11:01:51","guid":{"rendered":"https:\/\/apimat.ch\/?post_type=product&#038;p=8928"},"modified":"2020-12-01T07:05:39","modified_gmt":"2020-12-01T06:05:39","slug":"trocknerkorb-aus-nylongewebe-250x370-mm","status":"publish","type":"product","link":"https:\/\/apimat.ch\/de\/produit\/trocknerkorb-aus-nylongewebe-250x370-mm\/","title":{"rendered":"Trockenkorb aus Nylonnetz 250 x 370 mm."},"content":{"rendered":"<p>Trockenkorb aus Nylonnetz 250 x 370 mm.<\/p>\n<p>Sie dient dazu, den in den Deckeln enthaltenen Honig durch Zentrifugieren zu extrahieren. Er ist im oberen Teil mit Edelstahlhaken versehen und wird, gef\u00fcllt mit Deckeln wie ein Rahmen, manuell oder elektrisch in den Tangentialk\u00e4fig des Extraktors geh\u00e4ngt. Nat\u00fcrlich ist es notwendig, die gleichm\u00e4\u00dfige Verteilung der Gewichte sicherzustellen. Dies ist der schnellste Weg, um die Deckel zu trocknen.<\/p>\n<p><strong>DEGRESSIVE PREISE JE NACH MENGE.<\/strong><\/p>\n<p><strong>F\u00fcr weitere Informationen kontaktieren Sie mich bitte.<\/strong><\/p>\n<p><a href=\"mailto:info@apimat.ch\"><strong>info@apimat.ch<\/strong><\/a><\/p>\n<p><strong>Telefon: 076 213 80 33<\/strong><\/p>\n<p><strong>BESUCHE NACH ERNENNUNG 7\/7 Tage<\/strong><\/p>\n","protected":false},"excerpt":{"rendered":"<p>Trockenkorb aus Nylonnetz 250 x 370 mm. Sie dient dazu, den in den Deckeln enthaltenen Honig durch Zentrifugieren zu extrahieren. Er ist im oberen Teil mit Edelstahlhaken versehen und wird, gef\u00fcllt mit Deckeln wie ein Rahmen, manuell oder elektrisch in den Tangentialk\u00e4fig des Extraktors geh\u00e4ngt. Nat\u00fcrlich ist es notwendig, die gleichm\u00e4\u00dfige Verteilung der Gewichte sicherzustellen. [&hellip;]<\/p>\n","protected":false},"featured_media":15563,"template":"","meta":{"_uf_show_specific_survey":0,"_uf_disable_surveys":false},"product_cat":[108],"product_tag":[],"aioseo_notices":[],"_links":{"self":[{"href":"https:\/\/apimat.ch\/de\/wp-json\/wp\/v2\/product\/8928"}],"collection":[{"href":"https:\/\/apimat.ch\/de\/wp-json\/wp\/v2\/product"}],"about":[{"href":"https:\/\/apimat.ch\/de\/wp-json\/wp\/v2\/types\/product"}],"wp:featuredmedia":[{"embeddable":true,"href":"https:\/\/apimat.ch\/de\/wp-json\/wp\/v2\/media\/15563"}],"wp:attachment":[{"href":"https:\/\/apimat.ch\/de\/wp-json\/wp\/v2\/media?parent=8928"}],"wp:term":[{"taxonomy":"product_cat","embeddable":true,"href":"https:\/\/apimat.ch\/de\/wp-json\/wp\/v2\/product_cat?post=8928"},{"taxonomy":"product_tag","embeddable":true,"href":"https:\/\/apimat.ch\/de\/wp-json\/wp\/v2\/product_tag?post=8928"}],"curies":[{"name":"wp","href":"https:\/\/api.w.org\/{rel}","templated":true}]}}