{"id":8930,"date":"2020-07-04T07:30:22","date_gmt":"2020-07-12T11:04:16","guid":{"rendered":"https:\/\/apimat.ch\/?post_type=product&#038;p=8930"},"modified":"2021-06-10T14:06:10","modified_gmt":"2021-06-10T12:06:10","slug":"magnetischer-raucherhalter","status":"publish","type":"product","link":"https:\/\/apimat.ch\/de\/produit\/magnetischer-raucherhalter\/","title":{"rendered":"Magnetischer Rauchhalter"},"content":{"rendered":"<p>Magnetischer Rauchhalter<\/p>\n<p>Der universelle magnetische Raucherhalter ist ein praktisches Werkzeug f\u00fcr den Imker.<\/p>\n<p>Er l\u00e4sst sich an jedem Metallst\u00e4nder magnetisieren und erm\u00f6glicht es Ihnen, Ihren Raucher sicher aufzubewahren, solange er noch hei\u00df ist oder raucht.<\/p>\n<p>Seine starken Magnete sorgen daf\u00fcr, dass der Halter jeder Herausforderung standh\u00e4lt.<br \/>\nAlle Faltenbalg-Raucher k\u00f6nnen daran angepasst werden.<\/p>\n<p>In gr\u00fcn lackiertem Metall.<br \/>\nDer Stand wird ohne Raucher verkauft.<\/p>\n<p><strong>DEGRESSIVE PREISE JE NACH MENGE.<\/strong><\/p>\n<p><strong>F\u00fcr weitere Informationen kontaktieren Sie mich bitte.<\/strong><\/p>\n<p><a href=\"mailto:info@apimat.ch\"><strong>info@apimat.ch<\/strong><\/a><\/p>\n<p><strong>Telefon: 076 213 80 33<\/strong><\/p>\n","protected":false},"excerpt":{"rendered":"<p>Magnetischer Rauchhalter Der universelle magnetische Raucherhalter ist ein praktisches Werkzeug f\u00fcr den Imker. Er l\u00e4sst sich an jedem Metallst\u00e4nder magnetisieren und erm\u00f6glicht es Ihnen, Ihren Raucher sicher aufzubewahren, solange er noch hei\u00df ist oder raucht. Seine starken Magnete sorgen daf\u00fcr, dass der Halter jeder Herausforderung standh\u00e4lt. Alle Faltenbalg-Raucher k\u00f6nnen daran angepasst werden. In gr\u00fcn lackiertem [&hellip;]<\/p>\n","protected":false},"featured_media":8848,"template":"","meta":{"_uf_show_specific_survey":0,"_uf_disable_surveys":false},"product_cat":[98],"product_tag":[],"aioseo_notices":[],"_links":{"self":[{"href":"https:\/\/apimat.ch\/de\/wp-json\/wp\/v2\/product\/8930"}],"collection":[{"href":"https:\/\/apimat.ch\/de\/wp-json\/wp\/v2\/product"}],"about":[{"href":"https:\/\/apimat.ch\/de\/wp-json\/wp\/v2\/types\/product"}],"wp:featuredmedia":[{"embeddable":true,"href":"https:\/\/apimat.ch\/de\/wp-json\/wp\/v2\/media\/8848"}],"wp:attachment":[{"href":"https:\/\/apimat.ch\/de\/wp-json\/wp\/v2\/media?parent=8930"}],"wp:term":[{"taxonomy":"product_cat","embeddable":true,"href":"https:\/\/apimat.ch\/de\/wp-json\/wp\/v2\/product_cat?post=8930"},{"taxonomy":"product_tag","embeddable":true,"href":"https:\/\/apimat.ch\/de\/wp-json\/wp\/v2\/product_tag?post=8930"}],"curies":[{"name":"wp","href":"https:\/\/api.w.org\/{rel}","templated":true}]}}