{"id":8946,"date":"2020-06-14T12:11:41","date_gmt":"2020-07-12T11:36:27","guid":{"rendered":"https:\/\/apimat.ch\/?post_type=product&#038;p=8946"},"modified":"2021-06-10T14:25:03","modified_gmt":"2021-06-10T12:25:03","slug":"inkubator-fuer-100-koeniginnenzellen-dadant-langstroth-zander","status":"publish","type":"product","link":"https:\/\/apimat.ch\/de\/produit\/inkubator-fuer-100-koeniginnenzellen-dadant-langstroth-zander\/","title":{"rendered":"Brutschrank f\u00fcr 100 bis 300 K\u00f6niginnenzellen ( PID-SYSTEM ON\/OFF )"},"content":{"rendered":"<h3>Brutschrank f\u00fcr 100 bis 300 K\u00f6niginnenzellen ( PID-SYSTEM ON\/OFF )<\/h3>\n<p>Das PID-System weist weniger Temperaturschwankungen auf als herk\u00f6mmliche Regelsysteme.<\/p>\n<p>Wir werden ein neues Befeuchtungssystem liefern, das durch ein speziell entworfenes Becken mit automatischem Wasserfluss auf konstantem Niveau und einem externen Akkumulationstank (siehe beigef\u00fcgtes Bild) ausgef\u00fchrt wird.<\/p>\n<p>Technische Spezifikationen<br \/>\nElektrische Leistung V\/Hz 220-230 \/ 50-60<br \/>\nGesamtabsorption Watt. 120<br \/>\nAbmessungen mm 510X600X545H<br \/>\nGewicht Kg 28<br \/>\nInnenabmessungen mm 465X460X410H<\/p>\n<p>&#8211; Kabine aus 20 mm dicken Spanplatten (oder wahlweise aus isolierten Stahlpaneelen mit doppelten Polystyrolw\u00e4nden) ;<br \/>\n&#8211; Zwangsbel\u00fcftung mit einstellbarer Intensit\u00e4t;<br \/>\n&#8211; Arbeitstemperatur numerisch dezimal ;<br \/>\n&#8211; interne Beleuchtung;<br \/>\n&#8211; Quecksilberthermometer in \u00b0C zur internen Temperaturkontrolle<br \/>\n&#8211; k\u00f6nnen die m\u00f6glichen internen St\u00fctzstrukturen evaluiert und an die tats\u00e4chliche Nutzung angepasst werden, die uns der Benutzer der Maschine nach seinen spezifischen Anforderungen vorschl\u00e4gt;<br \/>\n&#8211; Luftbefeuchtung mit mitgeliefertem Becken;<\/p>\n<p>Als Option:<br \/>\n&#8211; Feuchtigkeitsmessung mit einem Feuchtkugel-Hygrometer ;<br \/>\n&#8211; vorlackierte Stahlregale;<\/p>\n<p>Benutzung des Inkubators f\u00fcr K\u00f6niginnen<br \/>\nSchalten Sie den Inkubator einen Tag vor Gebrauch ein, um die genaue Einstellung der Arbeitstemperatur zu \u00fcberpr\u00fcfen.<br \/>\nStellen Sie den mitgelieferten, mit Wasser gef\u00fcllten Inkubator auf den Boden, um die notwendige Feuchtigkeit zu erzeugen.<br \/>\nAktivieren Sie bei Bedarf den digitalen Temperaturregelthermostat (33,3\u00b0C entsprechend 92\u00b0F).<br \/>\nDer digitale Thermostat regelt den digitalen Dezimalbetrieb, w\u00e4hrend der Ventilator st\u00e4ndig in Bewegung bleibt.<br \/>\nNat\u00fcrlich wird die Zelle nach der Versiegelung (5. Tag nach der Transplantation) eingesetzt.<br \/>\nEs ist ratsam, f\u00fcr ein besseres Ergebnis die Gebrauchsanweisung der f\u00fcr die Entwicklung eingestellten K\u00f6nigin bis zum Tag vor dem Schl\u00fcpfen f\u00fcr die Geburt der K\u00f6nigin direkt im Inkubator mit sukzessiver Annahme der in der Mitte unseres Zubeh\u00f6rs geborenen K\u00f6nigin zu befolgen.<\/p>\n<p>Die Sicherheitsaspekte der elektrischen Teile entsprechen in jeder Hinsicht den europ\u00e4ischen Normen, und das au\u00dferhalb des Inkubators befindliche Bedienfeld verhindert Probleme an den elektrischen Teilen, die durch Feuchtigkeit und Kondensation verursacht werden.<\/p>\n<p><strong>DEGRESSIVE PREISE JE NACH MENGE.<\/strong><\/p>\n<p><strong>F\u00fcr weitere Informationen kontaktieren Sie mich bitte.<\/strong><\/p>\n<p><a href=\"mailto:info@apimat.ch\"><strong>info@apimat.ch<\/strong><\/a><\/p>\n<p><strong>Telefon: 076 213 80 33<\/strong><\/p>\n","protected":false},"excerpt":{"rendered":"<p>Brutschrank f\u00fcr 100 bis 300 K\u00f6niginnenzellen ( PID-SYSTEM ON\/OFF ) Das PID-System weist weniger Temperaturschwankungen auf als herk\u00f6mmliche Regelsysteme. Wir werden ein neues Befeuchtungssystem liefern, das durch ein speziell entworfenes Becken mit automatischem Wasserfluss auf konstantem Niveau und einem externen Akkumulationstank (siehe beigef\u00fcgtes Bild) ausgef\u00fchrt wird. Technische Spezifikationen Elektrische Leistung V\/Hz 220-230 \/ 50-60 Gesamtabsorption [&hellip;]<\/p>\n","protected":false},"featured_media":8634,"template":"","meta":{"_uf_show_specific_survey":0,"_uf_disable_surveys":false},"product_cat":[271],"product_tag":[],"aioseo_notices":[],"_links":{"self":[{"href":"https:\/\/apimat.ch\/de\/wp-json\/wp\/v2\/product\/8946"}],"collection":[{"href":"https:\/\/apimat.ch\/de\/wp-json\/wp\/v2\/product"}],"about":[{"href":"https:\/\/apimat.ch\/de\/wp-json\/wp\/v2\/types\/product"}],"wp:featuredmedia":[{"embeddable":true,"href":"https:\/\/apimat.ch\/de\/wp-json\/wp\/v2\/media\/8634"}],"wp:attachment":[{"href":"https:\/\/apimat.ch\/de\/wp-json\/wp\/v2\/media?parent=8946"}],"wp:term":[{"taxonomy":"product_cat","embeddable":true,"href":"https:\/\/apimat.ch\/de\/wp-json\/wp\/v2\/product_cat?post=8946"},{"taxonomy":"product_tag","embeddable":true,"href":"https:\/\/apimat.ch\/de\/wp-json\/wp\/v2\/product_tag?post=8946"}],"curies":[{"name":"wp","href":"https:\/\/api.w.org\/{rel}","templated":true}]}}