{"id":8955,"date":"2020-06-14T14:35:26","date_gmt":"2020-07-12T11:48:51","guid":{"rendered":"https:\/\/apimat.ch\/?post_type=product&#038;p=8955"},"modified":"2021-06-10T14:23:01","modified_gmt":"2021-06-10T12:23:01","slug":"automatischer-befeuchter-durch-heizwiderstand","status":"publish","type":"product","link":"https:\/\/apimat.ch\/de\/produit\/automatischer-befeuchter-durch-heizwiderstand\/","title":{"rendered":"AUTOMATISCHER BEFEUCHTER DURCH HEIZWIDERSTAND"},"content":{"rendered":"<p>AUTOMATISCHER BEFEUCHTER DURCH HEIZWIDERSTAND<\/p>\n<p>NEUES BEFeuchtungssystem durch Eintauchen einer Heizpatrone: ein feinf\u00fchliges und konstantes Befeuchtungssystem mit digitaler Regelung durch Verdunstung des erw\u00e4rmten Wassers. Erh\u00e4ltlich f\u00fcr mehrere Modelle.<\/p>\n<p>&nbsp;<\/p>\n<p><strong>DEGRESSIVE PREISE JE NACH MENGE.<\/strong><\/p>\n<p><strong>F\u00fcr weitere Informationen kontaktieren Sie mich bitte.<\/strong><\/p>\n<p><a href=\"mailto:info@apimat.ch\"><strong>info@apimat.ch<\/strong><\/a><\/p>\n<p><strong>Telefon: 076 213 80 33<\/strong><\/p>\n","protected":false},"excerpt":{"rendered":"<p>AUTOMATISCHER BEFEUCHTER DURCH HEIZWIDERSTAND NEUES BEFeuchtungssystem durch Eintauchen einer Heizpatrone: ein feinf\u00fchliges und konstantes Befeuchtungssystem mit digitaler Regelung durch Verdunstung des erw\u00e4rmten Wassers. Erh\u00e4ltlich f\u00fcr mehrere Modelle. &nbsp; DEGRESSIVE PREISE JE NACH MENGE. F\u00fcr weitere Informationen kontaktieren Sie mich bitte. info@apimat.ch Telefon: 076 213 80 33<\/p>\n","protected":false},"featured_media":8747,"template":"","meta":{"_uf_show_specific_survey":0,"_uf_disable_surveys":false},"product_cat":[271],"product_tag":[],"aioseo_notices":[],"_links":{"self":[{"href":"https:\/\/apimat.ch\/de\/wp-json\/wp\/v2\/product\/8955"}],"collection":[{"href":"https:\/\/apimat.ch\/de\/wp-json\/wp\/v2\/product"}],"about":[{"href":"https:\/\/apimat.ch\/de\/wp-json\/wp\/v2\/types\/product"}],"wp:featuredmedia":[{"embeddable":true,"href":"https:\/\/apimat.ch\/de\/wp-json\/wp\/v2\/media\/8747"}],"wp:attachment":[{"href":"https:\/\/apimat.ch\/de\/wp-json\/wp\/v2\/media?parent=8955"}],"wp:term":[{"taxonomy":"product_cat","embeddable":true,"href":"https:\/\/apimat.ch\/de\/wp-json\/wp\/v2\/product_cat?post=8955"},{"taxonomy":"product_tag","embeddable":true,"href":"https:\/\/apimat.ch\/de\/wp-json\/wp\/v2\/product_tag?post=8955"}],"curies":[{"name":"wp","href":"https:\/\/api.w.org\/{rel}","templated":true}]}}