{"id":9069,"date":"2020-08-01T11:55:38","date_gmt":"2020-08-01T09:23:01","guid":{"rendered":"https:\/\/apimat.ch\/?post_type=product&#038;p=9069"},"modified":"2021-06-10T12:30:12","modified_gmt":"2021-06-10T10:30:12","slug":"transparente-rahmenabdeckung-dadant-10-apimat-exklusivitaet","status":"publish","type":"product","link":"https:\/\/apimat.ch\/de\/produit\/transparente-rahmenabdeckung-dadant-10-apimat-exklusivitaet\/","title":{"rendered":"Durchsichtige Deckbrett f\u00fcr Dadant 10 &#8211; exklusiv bei Apimat"},"content":{"rendered":"<h3>Durchsichtige Deckbrett f\u00fcr Dadant 10 &#8211; exklusiv bei Apimat<\/h3>\n<p>Das Plexiglas ist 0,5 cm dick, sehr widerstandsf\u00e4hig und mit einer Kerbe in den Seitenw\u00e4nden verschraubt.<\/p>\n<p>Diese Art der Abdeckung erm\u00f6glicht es Ihnen, die Entwicklung des Bienenvolkes zu sehen, ohne den Bienenstock zu \u00f6ffnen und ohne die Bienen zu st\u00f6ren.<\/p>\n<p>In der Mitte befindet sich ein Loch f\u00fcr die Einf\u00fchrung der Feeder.<\/p>\n<p><strong>DEGRESSIVE PREISE JE NACH MENGE.<\/strong><\/p>\n<p><strong>F\u00fcr weitere Informationen kontaktieren Sie mich bitte.<\/strong><\/p>\n<p><a href=\"mailto:info@apimat.ch\"><strong>info@apimat.ch<\/strong><\/a><\/p>\n<p><strong>Telefon: 076 213 80 33<\/strong><\/p>\n","protected":false},"excerpt":{"rendered":"<p>Durchsichtige Deckbrett f\u00fcr Dadant 10 &#8211; exklusiv bei Apimat Das Plexiglas ist 0,5 cm dick, sehr widerstandsf\u00e4hig und mit einer Kerbe in den Seitenw\u00e4nden verschraubt. Diese Art der Abdeckung erm\u00f6glicht es Ihnen, die Entwicklung des Bienenvolkes zu sehen, ohne den Bienenstock zu \u00f6ffnen und ohne die Bienen zu st\u00f6ren. In der Mitte befindet sich ein [&hellip;]<\/p>\n","protected":false},"featured_media":9072,"template":"","meta":{"_uf_show_specific_survey":0,"_uf_disable_surveys":false},"product_cat":[102],"product_tag":[],"aioseo_notices":[],"_links":{"self":[{"href":"https:\/\/apimat.ch\/de\/wp-json\/wp\/v2\/product\/9069"}],"collection":[{"href":"https:\/\/apimat.ch\/de\/wp-json\/wp\/v2\/product"}],"about":[{"href":"https:\/\/apimat.ch\/de\/wp-json\/wp\/v2\/types\/product"}],"wp:featuredmedia":[{"embeddable":true,"href":"https:\/\/apimat.ch\/de\/wp-json\/wp\/v2\/media\/9072"}],"wp:attachment":[{"href":"https:\/\/apimat.ch\/de\/wp-json\/wp\/v2\/media?parent=9069"}],"wp:term":[{"taxonomy":"product_cat","embeddable":true,"href":"https:\/\/apimat.ch\/de\/wp-json\/wp\/v2\/product_cat?post=9069"},{"taxonomy":"product_tag","embeddable":true,"href":"https:\/\/apimat.ch\/de\/wp-json\/wp\/v2\/product_tag?post=9069"}],"curies":[{"name":"wp","href":"https:\/\/api.w.org\/{rel}","templated":true}]}}