{"id":9137,"date":"2020-08-21T12:35:34","date_gmt":"2020-08-21T10:39:30","guid":{"rendered":"https:\/\/apimat.ch\/?post_type=product&#038;p=9137"},"modified":"2021-06-10T12:28:26","modified_gmt":"2021-06-10T10:28:26","slug":"jungvolkkasten-holz-honigraumzarge-ch","status":"publish","type":"product","link":"https:\/\/apimat.ch\/de\/produit\/jungvolkkasten-holz-honigraumzarge-ch\/","title":{"rendered":"Bienenstock &#8220;p\u00e9pini\u00e8re&#8221; aus Holz mit 6 CH-Rahmen und Honigraum"},"content":{"rendered":"<h3>Bienenstock &#8220;p\u00e9pini\u00e8re&#8221; aus Holz mit 6 CH-Rahmen und Honigraum<\/h3>\n<p>Bienenstock f\u00fcr junge Kolonie f\u00fcr 6 CH-K\u00f6rperrahmen, hergestellt aus unbehandeltem Cryptomeria japonica-Holz, Varroa-Milben-Beobachtungsschublade, eine Steigleitung und Rahmenabdeckungen mit Futterloch<\/p>\n<p>Mit Rahmen.<\/p>\n<p>Dimensions: L34,3\u00d7L28,5\u00d7H44,7cm.<\/p>\n<p><strong>DEGRESSIVE PREISE JE NACH MENGE.<\/strong><\/p>\n<p><strong>F\u00fcr weitere Informationen kontaktieren Sie mich bitte.<\/strong><\/p>\n<p><a href=\"mailto:info@apimat.ch\"><strong>info@apimat.ch<\/strong><\/a><\/p>\n<p><strong>Telefon: 076 213 80 33<\/strong><\/p>\n","protected":false},"excerpt":{"rendered":"<p>Bienenstock &#8220;p\u00e9pini\u00e8re&#8221; aus Holz mit 6 CH-Rahmen und Honigraum Bienenstock f\u00fcr junge Kolonie f\u00fcr 6 CH-K\u00f6rperrahmen, hergestellt aus unbehandeltem Cryptomeria japonica-Holz, Varroa-Milben-Beobachtungsschublade, eine Steigleitung und Rahmenabdeckungen mit Futterloch Mit Rahmen. Dimensions: L34,3\u00d7L28,5\u00d7H44,7cm. DEGRESSIVE PREISE JE NACH MENGE. F\u00fcr weitere Informationen kontaktieren Sie mich bitte. info@apimat.ch Telefon: 076 213 80 33<\/p>\n","protected":false},"featured_media":9117,"template":"","meta":{"_uf_show_specific_survey":0,"_uf_disable_surveys":false},"product_cat":[101],"product_tag":[],"aioseo_notices":[],"_links":{"self":[{"href":"https:\/\/apimat.ch\/de\/wp-json\/wp\/v2\/product\/9137"}],"collection":[{"href":"https:\/\/apimat.ch\/de\/wp-json\/wp\/v2\/product"}],"about":[{"href":"https:\/\/apimat.ch\/de\/wp-json\/wp\/v2\/types\/product"}],"wp:featuredmedia":[{"embeddable":true,"href":"https:\/\/apimat.ch\/de\/wp-json\/wp\/v2\/media\/9117"}],"wp:attachment":[{"href":"https:\/\/apimat.ch\/de\/wp-json\/wp\/v2\/media?parent=9137"}],"wp:term":[{"taxonomy":"product_cat","embeddable":true,"href":"https:\/\/apimat.ch\/de\/wp-json\/wp\/v2\/product_cat?post=9137"},{"taxonomy":"product_tag","embeddable":true,"href":"https:\/\/apimat.ch\/de\/wp-json\/wp\/v2\/product_tag?post=9137"}],"curies":[{"name":"wp","href":"https:\/\/api.w.org\/{rel}","templated":true}]}}