{"id":9603,"date":"2020-11-28T21:58:26","date_gmt":"2020-11-28T20:58:26","guid":{"rendered":"https:\/\/apimat.ch\/?post_type=product&#038;p=9603"},"modified":"2026-02-04T14:51:18","modified_gmt":"2026-02-04T13:51:18","slug":"ersatzkappe-fuer-sublimox-apf-plus","status":"publish","type":"product","link":"https:\/\/apimat.ch\/de\/produit\/ersatzkappe-fuer-sublimox-apf-plus\/","title":{"rendered":"Dichtung f\u00fcr Sublimox APF-PLUS Kappe"},"content":{"rendered":"<h3>Dichtung f\u00fcr Sublimox APF-PLUS Kappe<\/h3>\n<p>Sublimox ist ein sehr wirksames und sicheres Anti-Varroa-Ger\u00e4t. Es ist speziell daf\u00fcr ausgelegt, Oxals\u00e4ured\u00e4mpfe im Bienenstock zu sublimieren und dann zu diffundieren. Sie erm\u00f6glicht die schnelle Behandlung einer gro\u00dfen Anzahl von Bienenst\u00f6cken (die Diffusion dauert nur 25 Sekunden pro Bienenstock), was sie besonders f\u00fcr Imker geeignet macht.<\/p>\n<p>Dieses Ger\u00e4t erw\u00e4rmt die Oxals\u00e4ure unter den besten Bedingungen der Sicherheit und Effizienz dank eines Temperaturregelsystems, das die Sublimation der Oxals\u00e4ure erm\u00f6glicht, ohne dass Ameisens\u00e4uregas entsteht. Die Oxals\u00e4urewolke kann durch den Eingang oder von oben in den Bienenstock eingef\u00fchrt werden (unter Verwendung einer Rahmenabdeckung oder einer umgekehrten Rahmenabdeckungszuf\u00fchrung, in die eine 7 mm gro\u00dfe \u00d6ffnung oder Nut eingebracht wird, um das Einf\u00fchren des Diffusorrohrs zu erm\u00f6glichen).<\/p>\n<p>Die Funktionsweise einer Oxals\u00e4urebehandlung ist einfach: Nachdem die S\u00e4ure als Nebel verspr\u00fcht wurde, bedeckt sie die Oberfl\u00e4chen des Bienenstocks und der Bienen mit einer d\u00fcnnen Schicht von Kristallen. Dies beeintr\u00e4chtigt die Bienen nicht, sondern vernichtet die Varroamilbe sofort. Diese Methode ist sehr effektiv, sollte aber nur angewendet werden, wenn keine Brut vorhanden ist, d.h. im November\/Dezember.<\/p>\n<p>Warnung: Obwohl Oxals\u00e4ure eine organische S\u00e4ure pflanzlichen Ursprungs ist, die nat\u00fcrlich in bestimmten pflanzlichen Lebensmitteln (Sauerampfer, R\u00fcbe) vorkommt, ist ihre reine Form (vom Tierarzt oder Apotheker geliefert) sehr giftig f\u00fcr den Menschen und erfordert eine Schutzmaske, Handschuhe und das Tragen von lang\u00e4rmeliger Kleidung.<\/p>\n<p class=\"p1\"><a href=\"https:\/\/apimat.provaonline.info\/wp-content\/uploads\/2019\/03\/sublimox-notice.pdf\"><span class=\"s1\">Cliquez ici pour voir la notice d&#8217;utilisation<\/span><\/a><\/p>\n<p>Zusammensetzung von Sublimox APF-PLUS :<\/p>\n<p>Neues elektronisches PID-System mit Thermoelement f\u00fcr die automatische Verwaltung und konstante Temperaturhaltung.<br \/>\nKessel aus rostfreiem Stahl AISI 316;<br \/>\nPIROMAX-Heizelement mit hohem Wirkungsgrad;<br \/>\nEinfache und schnelle Verarbeitung in nur 25 Sekunden;<br \/>\nStromversorgung: direkt 220V &#8211; 50Hz (Netz oder Generator). Oder Wandler 12V =&gt;220V (separat geliefert);<br \/>\nAusgestattet mit zwei Kunststoffkappen und einer Messh\u00fclse;<br \/>\nZertifizierung nach CE-Norm;<br \/>\nBenutzerhandbuch;<br \/>\nPraktischer Koffer f\u00fcr den Transport.<\/p>\n<p><strong>F\u00fcr weitere Informationen kontaktieren Sie mich bitte.<\/strong><\/p>\n<p><a href=\"mailto:info@apimat.ch\"><strong>info@apimat.ch<\/strong><\/a><\/p>\n<p><strong>Telefon: 076 213 80 33<\/strong><\/p>\n<p>&nbsp;<\/p>\n","protected":false},"excerpt":{"rendered":"<p>Dichtung f\u00fcr Sublimox APF-PLUS Kappe Sublimox ist ein sehr wirksames und sicheres Anti-Varroa-Ger\u00e4t. Es ist speziell daf\u00fcr ausgelegt, Oxals\u00e4ured\u00e4mpfe im Bienenstock zu sublimieren und dann zu diffundieren. Sie erm\u00f6glicht die schnelle Behandlung einer gro\u00dfen Anzahl von Bienenst\u00f6cken (die Diffusion dauert nur 25 Sekunden pro Bienenstock), was sie besonders f\u00fcr Imker geeignet macht. Dieses Ger\u00e4t erw\u00e4rmt [&hellip;]<\/p>\n","protected":false},"featured_media":41992,"template":"","meta":{"_uf_show_specific_survey":0,"_uf_disable_surveys":false},"product_cat":[390],"product_tag":[],"aioseo_notices":[],"_links":{"self":[{"href":"https:\/\/apimat.ch\/de\/wp-json\/wp\/v2\/product\/9603"}],"collection":[{"href":"https:\/\/apimat.ch\/de\/wp-json\/wp\/v2\/product"}],"about":[{"href":"https:\/\/apimat.ch\/de\/wp-json\/wp\/v2\/types\/product"}],"wp:featuredmedia":[{"embeddable":true,"href":"https:\/\/apimat.ch\/de\/wp-json\/wp\/v2\/media\/41992"}],"wp:attachment":[{"href":"https:\/\/apimat.ch\/de\/wp-json\/wp\/v2\/media?parent=9603"}],"wp:term":[{"taxonomy":"product_cat","embeddable":true,"href":"https:\/\/apimat.ch\/de\/wp-json\/wp\/v2\/product_cat?post=9603"},{"taxonomy":"product_tag","embeddable":true,"href":"https:\/\/apimat.ch\/de\/wp-json\/wp\/v2\/product_tag?post=9603"}],"curies":[{"name":"wp","href":"https:\/\/api.w.org\/{rel}","templated":true}]}}