{"id":9956,"date":"2020-11-27T15:20:03","date_gmt":"2020-12-01T08:39:28","guid":{"rendered":"https:\/\/apimat.ch\/?post_type=product&#038;p=9956"},"modified":"2021-06-10T12:22:15","modified_gmt":"2021-06-10T10:22:15","slug":"seitenabstandskoepfe-5-mm-100-stueck","status":"publish","type":"product","link":"https:\/\/apimat.ch\/de\/produit\/seitenabstandskoepfe-5-mm-100-stueck\/","title":{"rendered":"Seitenabstandsk\u00f6pfe 5 mm (100 St\u00fcck)"},"content":{"rendered":"<p>Seitenabstandsk\u00f6pfe 5 mm (100 St\u00fcck)<\/p>\n<p><strong>DEGRESSIVE PREISE JE NACH MENGE.<\/strong><\/p>\n<p><strong>F\u00fcr weitere Informationen kontaktieren Sie mich bitte.<\/strong><\/p>\n<p><a href=\"mailto:info@apimat.ch\"><strong>info@<\/strong><strong>apimat<\/strong><strong>.ch<\/strong><\/a><\/p>\n<p><strong>Telefon: 076 213 80 33<\/strong><\/p>\n","protected":false},"excerpt":{"rendered":"<p>Seitenabstandsk\u00f6pfe 5 mm (100 St\u00fcck) DEGRESSIVE PREISE JE NACH MENGE. F\u00fcr weitere Informationen kontaktieren Sie mich bitte. info@apimat.ch Telefon: 076 213 80 33<\/p>\n","protected":false},"featured_media":42012,"template":"","meta":{"_uf_show_specific_survey":0,"_uf_disable_surveys":false},"product_cat":[103],"product_tag":[],"aioseo_notices":[],"_links":{"self":[{"href":"https:\/\/apimat.ch\/de\/wp-json\/wp\/v2\/product\/9956"}],"collection":[{"href":"https:\/\/apimat.ch\/de\/wp-json\/wp\/v2\/product"}],"about":[{"href":"https:\/\/apimat.ch\/de\/wp-json\/wp\/v2\/types\/product"}],"wp:featuredmedia":[{"embeddable":true,"href":"https:\/\/apimat.ch\/de\/wp-json\/wp\/v2\/media\/42012"}],"wp:attachment":[{"href":"https:\/\/apimat.ch\/de\/wp-json\/wp\/v2\/media?parent=9956"}],"wp:term":[{"taxonomy":"product_cat","embeddable":true,"href":"https:\/\/apimat.ch\/de\/wp-json\/wp\/v2\/product_cat?post=9956"},{"taxonomy":"product_tag","embeddable":true,"href":"https:\/\/apimat.ch\/de\/wp-json\/wp\/v2\/product_tag?post=9956"}],"curies":[{"name":"wp","href":"https:\/\/api.w.org\/{rel}","templated":true}]}}