{"id":9974,"date":"2020-12-01T09:57:59","date_gmt":"2020-12-01T08:58:00","guid":{"rendered":"https:\/\/apimat.ch\/?post_type=product&#038;p=9974"},"modified":"2021-06-09T17:18:00","modified_gmt":"2021-06-09T15:18:00","slug":"blechdach-fur-bienenstock-12-rahmen-copie","status":"publish","type":"product","link":"https:\/\/apimat.ch\/de\/produit\/blechdach-fur-bienenstock-12-rahmen-copie\/","title":{"rendered":"Flachdach f\u00fcr 12-Rahmenbienenstock mit Holzkonstruktion und verzinkter Abdeckung"},"content":{"rendered":"<p>Flachdach f\u00fcr 12-Rahmenbienenstock mit Holzkonstruktion und verzinkter Abdeckung<\/p>\n<p>Au\u00dfenma\u00dfe: 550 x 550 mm.<br \/>\nInnenma\u00df: 515 x 515 mm.<\/p>\n<p><strong>DIE PREISE SIND JE NACH MENGE DEGRESSIV.<\/strong><\/p>\n<p><strong>F\u00fcr weitere Informationen kontaktieren Sie mich bitte.<\/strong><\/p>\n<p><a href=\"mailto:info@apimat.ch\"><strong>info@apimat.ch<\/strong><\/a><\/p>\n<p><strong>Telefon: 076 213 80 33<\/strong><\/p>\n<p>&nbsp;<\/p>\n","protected":false},"excerpt":{"rendered":"<p>Flachdach f\u00fcr 12-Rahmenbienenstock mit Holzkonstruktion und verzinkter Abdeckung Au\u00dfenma\u00dfe: 550 x 550 mm. Innenma\u00df: 515 x 515 mm. DIE PREISE SIND JE NACH MENGE DEGRESSIV. F\u00fcr weitere Informationen kontaktieren Sie mich bitte. info@apimat.ch Telefon: 076 213 80 33 &nbsp;<\/p>\n","protected":false},"featured_media":4256,"template":"","meta":{"_uf_show_specific_survey":0,"_uf_disable_surveys":false},"product_cat":[102],"product_tag":[],"aioseo_notices":[],"_links":{"self":[{"href":"https:\/\/apimat.ch\/de\/wp-json\/wp\/v2\/product\/9974"}],"collection":[{"href":"https:\/\/apimat.ch\/de\/wp-json\/wp\/v2\/product"}],"about":[{"href":"https:\/\/apimat.ch\/de\/wp-json\/wp\/v2\/types\/product"}],"wp:featuredmedia":[{"embeddable":true,"href":"https:\/\/apimat.ch\/de\/wp-json\/wp\/v2\/media\/4256"}],"wp:attachment":[{"href":"https:\/\/apimat.ch\/de\/wp-json\/wp\/v2\/media?parent=9974"}],"wp:term":[{"taxonomy":"product_cat","embeddable":true,"href":"https:\/\/apimat.ch\/de\/wp-json\/wp\/v2\/product_cat?post=9974"},{"taxonomy":"product_tag","embeddable":true,"href":"https:\/\/apimat.ch\/de\/wp-json\/wp\/v2\/product_tag?post=9974"}],"curies":[{"name":"wp","href":"https:\/\/api.w.org\/{rel}","templated":true}]}}